{"id":83,"date":"2015-11-17T08:26:04","date_gmt":"2015-11-17T08:26:04","guid":{"rendered":"http:\/\/www.gt3themes.com\/wordpress-themes\/geographic\/?page_id=83"},"modified":"2018-04-08T17:30:36","modified_gmt":"2018-04-08T15:30:36","slug":"alternative-home","status":"publish","type":"page","link":"https:\/\/www.dubaci.cz\/index.php\/alternative-home\/","title":{"rendered":"home se sliderem"},"content":{"rendered":"<div class='row'><div style='padding-bottom:35px;' class='span12 first-module module_number_1 module_cont  module_text_area'>\n                <div class='module_content'>\n                    <p style=\"text-align: center;\">\n\t\t<!-- MasterSlider -->\n\t\t<div id=\"P_MS5af830813b584\" class=\"master-slider-parent ms-fashion  ms-parent-id-3\" style=\"max-width:1200px;\"  >\n\n\t\t\t\n\t\t\t<!-- MasterSlider Main -->\n\t\t\t<div id=\"MS5af830813b584\" class=\"master-slider ms-skin-default\" >\n\t\t\t\t \t\t\t\t \n\t\t\t<div  class=\"ms-slide\" data-delay=\"1.4\" data-fill-mode=\"fill\"   >\n\t\t\t\t\t<img decoding=\"async\" src=\"http:\/\/www.dubaci.cz\/wp-content\/plugins\/masterslider\/public\/assets\/css\/blank.gif\" alt=\"\" title=\"\" data-src=\"http:\/\/www.dubaci.cz\/wp-content\/uploads\/2017\/12\/bozi-telo-052.jpg\" \/>\n\n\t\t\t\t\t<a  href=\"https:\/\/wp.me\/p9Oubw-xL\" target=\"_self\" class=\"ms-layer  msp-cn-3-119 ms-btn ms-btn-circle ms-btn-l msp-preset-btn-164\" data-effect=\"t(true,n,30,-80,n,n,n,n,n,n,n,n,n,n,n)\" data-duration=\"800\" data-delay=\"600\" data-ease=\"easeOutQuad\"       data-parallax=\"3\" data-type=\"button\"      data-widthlimit=\"800\"  data-offset-x=\"0\" data-offset-y=\"130\" data-origin=\"mc\" data-position=\"normal\"    >\nV\u00edce<\/a>\n\n\t\t\t\t\t<div  class=\"ms-layer  msp-cn-3-117\" style=\"width:700px;height:30px;\"   data-effect=\"t(true,n,-50,n,n,n,n,n,n,n,n,n,n,n,n)\" data-duration=\"800\" data-delay=\"400\" data-ease=\"easeOutSine\"       data-parallax=\"3\"       data-widthlimit=\"900\"  data-offset-x=\"0\" data-offset-y=\"390\" data-origin=\"bc\" data-position=\"normal\"  >\n<span style=\"font-family: Roboto;\">Malebn\u00e1<\/span><\/div>\n\n\t\t\t\t\t<div  class=\"ms-layer  msp-cn-3-118\" style=\"width:700px;height:95px;\"   data-effect=\"t(true,n,n,-400,n,n,n,n,n,n,n,n,n,n,n)\"  data-delay=\"400\" data-ease=\"easeOutSine\"       data-parallax=\"3\"       data-widthlimit=\"800\"  data-offset-x=\"0\" data-offset-y=\"0\" data-origin=\"mc\" data-position=\"normal\"  >\nKrajina<\/div>\n\n\n\t\t\t\t<\/div>\n\t\t\t<div  class=\"ms-slide\" data-delay=\"1.4\" data-fill-mode=\"fill\"   >\n\t\t\t\t\t<img decoding=\"async\" src=\"http:\/\/www.dubaci.cz\/wp-content\/plugins\/masterslider\/public\/assets\/css\/blank.gif\" alt=\"\" title=\"\" data-src=\"http:\/\/www.dubaci.cz\/wp-content\/uploads\/2017\/12\/bozi-telo-009.jpg\" \/>\n\n\t\t\t\t\t<a  href=\"https:\/\/wp.me\/p9Oubw-xL\" target=\"_self\" class=\"ms-layer  msp-cn-3-137 ms-btn ms-btn-circle ms-btn-l msp-preset-btn-164\" data-effect=\"t(true,n,30,-80,n,n,n,n,n,n,n,n,n,n,n)\" data-duration=\"800\" data-delay=\"600\" data-ease=\"easeOutQuad\"       data-parallax=\"3\" data-type=\"button\"      data-widthlimit=\"800\"  data-offset-x=\"0\" data-offset-y=\"130\" data-origin=\"mc\" data-position=\"normal\"    >\nV\u00edce<\/a>\n\n\t\t\t\t\t<div  class=\"ms-layer  msp-cn-3-135\" style=\"width:700px;height:30px;\"   data-effect=\"t(true,n,-50,n,n,n,n,n,n,n,n,n,n,n,n)\" data-duration=\"800\" data-delay=\"400\" data-ease=\"easeOutSine\"       data-parallax=\"3\"       data-widthlimit=\"900\"  data-offset-x=\"0\" data-offset-y=\"390\" data-origin=\"bc\" data-position=\"normal\"  >\n<span style=\"font-family: Roboto;\">Barokn\u00ed<\/span><\/div>\n\n\t\t\t\t\t<div  class=\"ms-layer  msp-cn-3-136\" style=\"width:700px;height:95px;\"   data-effect=\"t(true,n,n,-400,n,n,n,n,n,n,n,n,n,n,n)\"  data-delay=\"400\" data-ease=\"easeOutSine\"       data-parallax=\"3\"       data-widthlimit=\"800\"  data-offset-x=\"0\" data-offset-y=\"0\" data-origin=\"mc\" data-position=\"normal\"  >\nHudba<\/div>\n\n\n\t\t\t\t<\/div>\n\t\t\t<div  class=\"ms-slide\" data-delay=\"1.4\" data-fill-mode=\"fill\"   >\n\t\t\t\t\t<img decoding=\"async\" src=\"http:\/\/www.dubaci.cz\/wp-content\/plugins\/masterslider\/public\/assets\/css\/blank.gif\" alt=\"\" title=\"\" data-src=\"http:\/\/www.dubaci.cz\/wp-content\/uploads\/2017\/12\/bozi-telo-012.jpg\" \/>\n\n\t\t\t\t\t<a  href=\"https:\/\/wp.me\/p9Oubw-xL\" target=\"_self\" class=\"ms-layer  msp-cn-3-140 ms-btn ms-btn-circle ms-btn-l msp-preset-btn-164\" data-effect=\"t(true,n,30,-80,n,n,n,n,n,n,n,n,n,n,n)\" data-duration=\"800\" data-delay=\"600\" data-ease=\"easeOutQuad\"       data-parallax=\"3\" data-type=\"button\"      data-widthlimit=\"800\"  data-offset-x=\"0\" data-offset-y=\"130\" data-origin=\"mc\" data-position=\"normal\"    >\nV\u00edce<\/a>\n\n\t\t\t\t\t<div  class=\"ms-layer  msp-cn-3-138\" style=\"width:700px;height:30px;\"   data-effect=\"t(true,n,-50,n,n,n,n,n,n,n,n,n,n,n,n)\" data-duration=\"800\" data-delay=\"400\" data-ease=\"easeOutSine\"       data-parallax=\"3\"       data-widthlimit=\"900\"  data-offset-x=\"0\" data-offset-y=\"390\" data-origin=\"bc\" data-position=\"normal\"  >\n<span style=\"font-family: Roboto;\">Bo\u017e\u00edt\u011blov\u00e1<\/span><\/div>\n\n\t\t\t\t\t<div  class=\"ms-layer  msp-cn-3-139\" style=\"width:700px;height:95px;\"   data-effect=\"t(true,n,n,-400,n,n,n,n,n,n,n,n,n,n,n)\"  data-delay=\"400\" data-ease=\"easeOutSine\"       data-parallax=\"3\"       data-widthlimit=\"800\"  data-offset-x=\"0\" data-offset-y=\"0\" data-origin=\"mc\" data-position=\"normal\"  >\nBohoslu\u017eba<\/div>\n\n\n\t\t\t\t<\/div>\n\t\t\t<div  class=\"ms-slide\" data-delay=\"1.4\" data-fill-mode=\"fill\"   >\n\t\t\t\t\t<img decoding=\"async\" src=\"http:\/\/www.dubaci.cz\/wp-content\/plugins\/masterslider\/public\/assets\/css\/blank.gif\" alt=\"\" title=\"\" data-src=\"http:\/\/www.dubaci.cz\/wp-content\/uploads\/2017\/12\/bozi-telo-090.jpg\" \/>\n\n\t\t\t\t\t<a  href=\"https:\/\/wp.me\/p9Oubw-xL\" target=\"_self\" class=\"ms-layer  msp-cn-3-146 ms-btn ms-btn-circle ms-btn-l msp-preset-btn-164\" data-effect=\"t(true,n,30,-80,n,n,n,n,n,n,n,n,n,n,n)\" data-duration=\"800\" data-delay=\"600\" data-ease=\"easeOutQuad\"       data-parallax=\"3\" data-type=\"button\"      data-widthlimit=\"800\"  data-offset-x=\"0\" data-offset-y=\"130\" data-origin=\"mc\" data-position=\"normal\"    >\nV\u00edce<\/a>\n\n\t\t\t\t\t<div  class=\"ms-layer  msp-cn-3-144\" style=\"width:700px;height:30px;\"   data-effect=\"t(true,n,-50,n,n,n,n,n,n,n,n,n,n,n,n)\" data-duration=\"800\" data-delay=\"400\" data-ease=\"easeOutSine\"       data-parallax=\"3\"       data-widthlimit=\"900\"  data-offset-x=\"0\" data-offset-y=\"390\" data-origin=\"bc\" data-position=\"normal\"  >\n<span style=\"font-family: Roboto;\">Podje\u0161t\u011bdsk\u00e9<\/span><\/div>\n\n\t\t\t\t\t<div  class=\"ms-layer  msp-cn-3-145\" style=\"width:700px;height:95px;\"   data-effect=\"t(true,n,n,-400,n,n,n,n,n,n,n,n,n,n,n)\"  data-delay=\"400\" data-ease=\"easeOutSine\"       data-parallax=\"3\"       data-widthlimit=\"800\"  data-offset-x=\"0\" data-offset-y=\"0\" data-origin=\"mc\" data-position=\"normal\"  >\nKroje<\/div>\n\n\n\t\t\t\t<\/div>\n\t\t\t<div  class=\"ms-slide\" data-delay=\"1.4\" data-fill-mode=\"fill\"   >\n\t\t\t\t\t<img decoding=\"async\" src=\"http:\/\/www.dubaci.cz\/wp-content\/plugins\/masterslider\/public\/assets\/css\/blank.gif\" alt=\"\" title=\"\" data-src=\"http:\/\/www.dubaci.cz\/wp-content\/uploads\/2017\/12\/bozi-telo-117.jpg\" \/>\n\n\t\t\t\t\t<a  href=\"https:\/\/wp.me\/p9Oubw-xL\" target=\"_self\" class=\"ms-layer  msp-cn-3-143 ms-btn ms-btn-circle ms-btn-l msp-preset-btn-164\" data-effect=\"t(true,n,30,-80,n,n,n,n,n,n,n,n,n,n,n)\" data-duration=\"800\" data-delay=\"600\" data-ease=\"easeOutQuad\"       data-parallax=\"3\" data-type=\"button\"      data-widthlimit=\"800\"  data-offset-x=\"0\" data-offset-y=\"130\" data-origin=\"mc\" data-position=\"normal\"    >\nV\u00edce<\/a>\n\n\t\t\t\t\t<div  class=\"ms-layer  msp-cn-3-141\" style=\"width:700px;height:30px;\"   data-effect=\"t(true,n,-50,n,n,n,n,n,n,n,n,n,n,n,n)\" data-duration=\"800\" data-delay=\"400\" data-ease=\"easeOutSine\"       data-parallax=\"3\"       data-widthlimit=\"900\"  data-offset-x=\"0\" data-offset-y=\"390\" data-origin=\"bc\" data-position=\"normal\"  >\n<span style=\"font-family: Roboto;\">Odborn\u00e9<\/span><\/div>\n\n\t\t\t\t\t<div  class=\"ms-layer  msp-cn-3-142\" style=\"width:700px;height:95px;\"   data-effect=\"t(true,n,n,-400,n,n,n,n,n,n,n,n,n,n,n)\"  data-delay=\"400\" data-ease=\"easeOutSine\"       data-parallax=\"3\"       data-widthlimit=\"800\"  data-offset-x=\"0\" data-offset-y=\"0\" data-origin=\"mc\" data-position=\"normal\"  >\nP\u0159edn\u00e1\u0161ky<\/div>\n\n\n\t\t\t\t<\/div>\n\t\t\t<div  class=\"ms-slide\" data-delay=\"1.4\" data-fill-mode=\"fill\"   >\n\t\t\t\t\t<img decoding=\"async\" src=\"http:\/\/www.dubaci.cz\/wp-content\/plugins\/masterslider\/public\/assets\/css\/blank.gif\" alt=\"\" title=\"\" data-src=\"http:\/\/www.dubaci.cz\/wp-content\/uploads\/2017\/12\/bozi-telo-038.jpg\" \/>\n\n\t\t\t\t\t<a  href=\"https:\/\/wp.me\/p9Oubw-xL\" target=\"_self\" class=\"ms-layer  msp-cn-3-149 ms-btn ms-btn-circle ms-btn-l msp-preset-btn-164\" data-effect=\"t(true,n,30,-80,n,n,n,n,n,n,n,n,n,n,n)\" data-duration=\"800\" data-delay=\"600\" data-ease=\"easeOutQuad\"       data-parallax=\"3\" data-type=\"button\"      data-widthlimit=\"800\"  data-offset-x=\"0\" data-offset-y=\"130\" data-origin=\"mc\" data-position=\"normal\"    >\nV\u00edce<\/a>\n\n\t\t\t\t\t<div  class=\"ms-layer  msp-cn-3-147\" style=\"width:700px;height:30px;\"   data-effect=\"t(true,n,-50,n,n,n,n,n,n,n,n,n,n,n,n)\" data-duration=\"800\" data-delay=\"400\" data-ease=\"easeOutSine\"       data-parallax=\"3\"       data-widthlimit=\"900\"  data-offset-x=\"0\" data-offset-y=\"390\" data-origin=\"bc\" data-position=\"normal\"  >\n<span style=\"font-family: Roboto;\">C\u00edrkevn\u00ed<\/span><\/div>\n\n\t\t\t\t\t<div  class=\"ms-layer  msp-cn-3-148\" style=\"width:700px;height:95px;\"   data-effect=\"t(true,n,n,-400,n,n,n,n,n,n,n,n,n,n,n)\"  data-delay=\"400\" data-ease=\"easeOutSine\"       data-parallax=\"3\"       data-widthlimit=\"800\"  data-offset-x=\"0\" data-offset-y=\"0\" data-origin=\"mc\" data-position=\"normal\"  >\nTradice<\/div>\n\n\n\t\t\t\t<\/div>\n\t\t\t<div  class=\"ms-slide\" data-delay=\"1.4\" data-fill-mode=\"fill\"   >\n\t\t\t\t\t<img decoding=\"async\" src=\"http:\/\/www.dubaci.cz\/wp-content\/plugins\/masterslider\/public\/assets\/css\/blank.gif\" alt=\"\" title=\"\" data-src=\"http:\/\/www.dubaci.cz\/wp-content\/uploads\/2017\/12\/bozi-telo-116.jpg\" \/>\n\n\t\t\t\t\t<a  href=\"https:\/\/wp.me\/p9Oubw-xL\" target=\"_self\" class=\"ms-layer  msp-cn-3-152 ms-btn ms-btn-circle ms-btn-l msp-preset-btn-164\" data-effect=\"t(true,n,30,-80,n,n,n,n,n,n,n,n,n,n,n)\" data-duration=\"800\" data-delay=\"600\" data-ease=\"easeOutQuad\"       data-parallax=\"3\" data-type=\"button\"      data-widthlimit=\"800\"  data-offset-x=\"0\" data-offset-y=\"130\" data-origin=\"mc\" data-position=\"normal\"    >\nV\u00edce<\/a>\n\n\t\t\t\t\t<div  class=\"ms-layer  msp-cn-3-150\" style=\"width:700px;height:30px;\"   data-effect=\"t(true,n,-50,n,n,n,n,n,n,n,n,n,n,n,n)\" data-duration=\"800\" data-delay=\"400\" data-ease=\"easeOutSine\"       data-parallax=\"3\"       data-widthlimit=\"900\"  data-offset-x=\"0\" data-offset-y=\"390\" data-origin=\"bc\" data-position=\"normal\"  >\n<span style=\"font-family: Roboto;\">Sv\u011btsk\u00e1<\/span><\/div>\n\n\t\t\t\t\t<div  class=\"ms-layer  msp-cn-3-151\" style=\"width:700px;height:95px;\"   data-effect=\"t(true,n,n,-400,n,n,n,n,n,n,n,n,n,n,n)\"  data-delay=\"400\" data-ease=\"easeOutSine\"       data-parallax=\"3\"       data-widthlimit=\"800\"  data-offset-x=\"0\" data-offset-y=\"0\" data-origin=\"mc\" data-position=\"normal\"  >\nZ\u00e1bava<\/div>\n\n\n\t\t\t\t<\/div>\n\n\t\t\t<\/div>\n\t\t\t<!-- END MasterSlider Main -->\n\n\t\t\t \n\t\t<\/div>\n\t\t<!-- END MasterSlider -->\n\n\t\t<script>\n\t\t( window.MSReady = window.MSReady || [] ).push( function( $ ) {\n\n\t\t\t\"use strict\";\n\t\t\tvar masterslider_b584 = new MasterSlider();\n\n\t\t\t\/\/ slider controls\n\t\t\tmasterslider_b584.control('arrows'     ,{ autohide:true, overVideo:false , hideUnder:800 });\n\t\t\tmasterslider_b584.control('bullets'    ,{ autohide:false, overVideo:true, dir:'h', align:'bottom', space:5 , margin:10  });\n\t\t\tmasterslider_b584.control('timebar'    ,{ autohide:false, overVideo:true, align:'bottom', color:'#e25500'  , width:2 });\n\t\t\t\/\/ slider setup\n\t\t\tmasterslider_b584.setup(\"MS5af830813b584\", {\n\t\t\t\twidth           : 1200,\n\t\t\t\theight          : 650,\n\t\t\t\tminHeight       : 0,\n\t\t\t\tspace           : 20,\n\t\t\t\tstart           : 1,\n\t\t\t\tgrabCursor      : true,\n\t\t\t\tswipe           : true,\n\t\t\t\tmouse           : true,\n\t\t\t\tkeyboard        : true,\n\t\t\t\tlayout          : \"boxed\",\n\t\t\t\twheel           : false,\n\t\t\t\tautoplay        : true,\n                instantStartLayers:true,\n\t\t\t\tmobileBGVideo:false,\n\t\t\t\tloop            : true,\n\t\t\t\tshuffle         : false,\n\t\t\t\tpreload         : 0,\n\t\t\t\theightLimit     : true,\n\t\t\t\tautoHeight      : false,\n\t\t\t\tsmoothHeight    : true,\n\t\t\t\tendPause        : false,\n\t\t\t\toverPause       : true,\n\t\t\t\tfillMode        : \"fill\",\n\t\t\t\tcenterControls  : false,\n\t\t\t\tstartOnAppear   : false,\n\t\t\t\tlayersMode      : \"center\",\n\t\t\t\tautofillTarget  : \"\",\n\t\t\t\thideLayers      : false,\n\t\t\t\tfullscreenMargin: 0,\n\t\t\t\tspeed           : 17,\n\t\t\t\tdir             : \"h\",\n\t\t\t\tparallaxMode    : 'mouse',\n\t\t\t\tview            : \"basic\"\n\t\t\t});\n\n\t\t\t\t\t\tMSScrollParallax.setup( masterslider_b584, 120, 120, true );\n\t\t\t$(\"head\").append( \"<link rel='stylesheet' id='ms-fonts'  href='\/\/fonts.googleapis.com\/css?family=Roboto:100,300,regular' type='text\/css' media='all' \/>\" );\n\n\t\t\twindow.masterslider_instances = window.masterslider_instances || [];\n\t\t\twindow.masterslider_instances.push( masterslider_b584 );\n\t\t});\n\t\t<\/script>\n\n<\/p>\n                <\/div><\/div><!-- .module_cont --><\/div><div class='row'><div style='padding-bottom:40px;' class='span4  module_number_2 module_cont  module_iconboxes'>\n\t\t\t<div class='module_content shortcode_iconbox'>\n\t\t\t\t\t\t\t\n\t\t\t\t<div class='iconbox_wrapper'>\n\t\t\t\t\t<span class='ico'><i class=icon-heart><\/i><\/span>\n\t\t\t\t\t<h6 class='iconbox_title'>Awesome design<\/h6>\n\t\t\t\t\t<div class='iconbox_body'>\t\t\t\t\t\t\n\t\t\t\t\t\t<p>Nunc condimentum mi dolor, vel rutrum nulla lobortis vel etiam mauris sem sunt in culpa qui officia.<\/p>\n\t\t\t\t\t<\/div>\t\t\t\t\t\n\t\t\t\t<\/div>\n\t\t\t\t\n\t\t\t<\/div>\n\t\t\t<\/div><!-- .module_cont --><div style='padding-bottom:40px;' class='span4  module_number_3 module_cont  module_iconboxes'>\n\t\t\t<div class='module_content shortcode_iconbox'>\n\t\t\t\t\t\t\t\n\t\t\t\t<div class='iconbox_wrapper'>\n\t\t\t\t\t<span class='ico'><i class=icon-desktop><\/i><\/span>\n\t\t\t\t\t<h6 class='iconbox_title'>Fully responsible<\/h6>\n\t\t\t\t\t<div class='iconbox_body'>\t\t\t\t\t\t\n\t\t\t\t\t\t<p>Excepteur sint occaecat cupidatat non proident, sunt culpa qui officia sint occaecat cupidatat proiden.<\/p>\n\t\t\t\t\t<\/div>\t\t\t\t\t\n\t\t\t\t<\/div>\n\t\t\t\t\n\t\t\t<\/div>\n\t\t\t<\/div><!-- .module_cont --><div style='padding-bottom:40px;' class='span4  module_number_4 module_cont  module_iconboxes'>\n\t\t\t<div class='module_content shortcode_iconbox'>\n\t\t\t\t\t\t\t\n\t\t\t\t<div class='iconbox_wrapper'>\n\t\t\t\t\t<span class='ico'><i class=icon-cogs><\/i><\/span>\n\t\t\t\t\t<h6 class='iconbox_title'>very flexible<\/h6>\n\t\t\t\t\t<div class='iconbox_body'>\t\t\t\t\t\t\n\t\t\t\t\t\t<p>Nemo enim ipsam voluptatem quia volu sit aspernatu aut fugit cillum dolore eu fugiat nulla pariatur.<\/p>\n\t\t\t\t\t<\/div>\t\t\t\t\t\n\t\t\t\t<\/div>\n\t\t\t\t\n\t\t\t<\/div>\n\t\t\t<\/div><!-- .module_cont --><\/div><div class='row'><div style='padding-bottom:54px;' class='span12  module_number_5 module_cont  module_promo_text'>\n\t\t\t<div class=\"shortcode_promoblock \">\n\t\t\t\t<div class=\"promoblock_wrapper\">\n\t\t\t\t\t<div class=\"promo_text_block\">\n\t\t\t\t\t\t<div class=\"promo_text_block_wrapper\">\n\t\t\t\t\t\t\t<h3 style='color:#161616 !important;' class='promo_title'>I Do Good Work. Proudly. Every. Single. Day.<\/h3>\n\t\t\t\t\t\t\t<span style='color:#505050 !important;'>Nunc condimentum mi dolor, vel rutrum nulla lobortis vel etiam mauris sem, pretium at bibendumu eget, suscipit nec felis ut id imperdiet leo sed nec tellus vitae lectus harum quidem rerum facilis est. At vero eos et accusamus et iusto odio dignissimos ducimus qui blanditiis praesentium.<\/span>\n\t\t\t\t\t\t<\/div>\n\t\t\t\t\t<\/div>\n\t\t\t\t\t\t<div class=\"promo_button_block\"><a href=\"#\" target=\"_self\" class=\"promo_button shortcode_button btn_large btn_type5\"><i class=\"icon-thumbs-o-up\"><\/i>Hire me now<\/a><\/div>\n\t\t\t\t<\/div>\n\t\t\t<\/div>\n            <div class=\"clear\"><\/div>\n\t\t\t<\/div><!-- .module_cont --><\/div><div class='row'><div style='padding-bottom:45px;' class='span6  module_number_6 module_cont  module_text_area'>\n                <div class='module_content'>\n                    <p><span class='dropcap type1'>A<\/span>Aliguam mi dolor, vel rutrum nulla lobortis vel nec etiam mauris sem, pretium at biben eget, suscipit nec nec felis ut id perdiet le sed nec tellus vitae lectus scelerisque alique mi dolor, vel rutrum nulla lobortis vel etiam mauris sem, pretium at bibendum eget, suscipitu nec nec felis ut id perdiet leo sed nec tellus vita lectus scelerisque aliquet. Vestibulum tincidu lectus in eros porta tempus lorem vestibulum scelerisque.<\/p>\r\n<p>Sed ut perspiciatis unde omnis iste natus error sit voluptatem accusantium doloremque tum laudantium, totam rem aperiam, eaque ipsa quae ab illo inventore veritatis et quasi architecto beatae vitae dicta sunt explicabo. Nemo enim ipsam voluptatem quia voluptas sit aspernatur aut odit aut fugit, sed quia consequuntur magni dolores eos qui ratione voluptatem sequi ein nesciunt. Neque porro quisquam est, qui dolorem ipsum qia dolor sit.<\/p>\n                <\/div><\/div><!-- .module_cont --><div style='padding-bottom:45px;' class='span6  module_number_7 module_cont  module_diagramm'>\n\t\t\t<style>\n\t\t\t\t.module_diagramm .skill_bar_wrapper {\n\t\t\t\t\theight:9px;\n\t\t\t\t}\n\t\t\t\t.module_diagramm .skill_bar {\n\t\t\t\t\theight:6px;\n\t\t\t\t\tposition:absolute;\n\t\t\t\t\tbackground:#161616;\n\t\t\t\t}\n\t\t\t<\/style>\n                <div class='shortcode_diagramm_shortcode diagramm'><ul class='skills_list' data-bg='#161616' data-color='#161616' data-width='6px'>\n\t<li class=\"skill_li\">\n\t\t<div class=\"skill_wrapper\">\n\t\t\t<div class=\"skill_item\">\n\t\t\t\t<h6 class=\"skill_label\">Digital Photography<\/h6>\n\t\t\t<\/div>\n\t\t\t<div class=\"skill_bar_wrapper\">\n\t\t\t\t<div class=\"skill_bar\" data-width=\"75\"><\/div>\n\t\t\t\t<span class=\"skill_title\" style=\"right:25%\">75%<\/span>\n\t\t\t<\/div>\n\t\t<\/div>\n\t<\/li>\n\t<li class=\"skill_li\">\n\t\t<div class=\"skill_wrapper\">\n\t\t\t<div class=\"skill_item\">\n\t\t\t\t<h6 class=\"skill_label\">wedding Photography<\/h6>\n\t\t\t<\/div>\n\t\t\t<div class=\"skill_bar_wrapper\">\n\t\t\t\t<div class=\"skill_bar\" data-width=\"50\"><\/div>\n\t\t\t\t<span class=\"skill_title\" style=\"right:50%\">50%<\/span>\n\t\t\t<\/div>\n\t\t<\/div>\n\t<\/li>\n\t<li class=\"skill_li\">\n\t\t<div class=\"skill_wrapper\">\n\t\t\t<div class=\"skill_item\">\n\t\t\t\t<h6 class=\"skill_label\">Commercial Photography<\/h6>\n\t\t\t<\/div>\n\t\t\t<div class=\"skill_bar_wrapper\">\n\t\t\t\t<div class=\"skill_bar\" data-width=\"40\"><\/div>\n\t\t\t\t<span class=\"skill_title\" style=\"right:60%\">40%<\/span>\n\t\t\t<\/div>\n\t\t<\/div>\n\t<\/li>\n\t<li class=\"skill_li\">\n\t\t<div class=\"skill_wrapper\">\n\t\t\t<div class=\"skill_item\">\n\t\t\t\t<h6 class=\"skill_label\">Portrait Photography<\/h6>\n\t\t\t<\/div>\n\t\t\t<div class=\"skill_bar_wrapper\">\n\t\t\t\t<div class=\"skill_bar\" data-width=\"80\"><\/div>\n\t\t\t\t<span class=\"skill_title\" style=\"right:20%\">80%<\/span>\n\t\t\t<\/div>\n\t\t<\/div>\n\t<\/li><\/ul><div class='clear'><\/div><\/div><\/div><!-- .module_cont --><\/div>","protected":false},"excerpt":{"rendered":"<p>V\u00edce Malebn\u00e1 Krajina V\u00edce Barokn\u00ed Hudba V\u00edce Bo\u017e\u00edt\u011blov\u00e1 Bohoslu\u017eba V\u00edce Podje\u0161t\u011bdsk\u00e9 Kroje V\u00edce Odborn\u00e9 P\u0159edn\u00e1\u0161ky V\u00edce C\u00edrkevn\u00ed Tradice V\u00edce Sv\u011btsk\u00e1 Z\u00e1bava Awesome design Nunc condimentum mi dolor, vel rutrum nulla lobortis vel etiam mauris sem sunt in culpa qui officia. Fully responsible Excepteur sint occaecat cupidatat non proident, sunt culpa qui officia sint occaecat cupidatat proiden. very flexible Nemo enim ipsam voluptatem quia volu sit aspernatu aut fugit cillum dolore eu fugiat nulla pariatur. I Do Good Work. Proudly. Every. Single. Day. Nunc condimentum mi dolor, vel rutrum nulla lobortis vel etiam mauris sem, pretium at bibendumu eget, suscipit nec felis ut id imperdiet leo sed nec tellus vitae lectus harum quidem rerum facilis est. At vero eos et accusamus et iusto odio dignissimos ducimus qui blanditiis praesentium. Hire me now AAliguam mi dolor, vel rutrum nulla lobortis vel nec etiam mauris sem, pretium at biben eget, suscipit nec nec felis ut id perdiet le sed nec tellus vitae lectus scelerisque alique mi dolor, vel rutrum nulla lobortis vel etiam mauris sem, pretium at bibendum eget, suscipitu nec nec felis ut id perdiet leo sed nec tellus vita lectus scelerisque aliquet. Vestibulum tincidu lectus in eros porta tempus lorem vestibulum [&hellip;]<\/p>\n","protected":false},"author":2,"featured_media":0,"parent":0,"menu_order":0,"comment_status":"closed","ping_status":"closed","template":"","meta":{"footnotes":""},"class_list":["post-83","page","type-page","status-publish","hentry"],"_links":{"self":[{"href":"https:\/\/www.dubaci.cz\/index.php\/wp-json\/wp\/v2\/pages\/83","targetHints":{"allow":["GET"]}}],"collection":[{"href":"https:\/\/www.dubaci.cz\/index.php\/wp-json\/wp\/v2\/pages"}],"about":[{"href":"https:\/\/www.dubaci.cz\/index.php\/wp-json\/wp\/v2\/types\/page"}],"author":[{"embeddable":true,"href":"https:\/\/www.dubaci.cz\/index.php\/wp-json\/wp\/v2\/users\/2"}],"replies":[{"embeddable":true,"href":"https:\/\/www.dubaci.cz\/index.php\/wp-json\/wp\/v2\/comments?post=83"}],"version-history":[{"count":2,"href":"https:\/\/www.dubaci.cz\/index.php\/wp-json\/wp\/v2\/pages\/83\/revisions"}],"predecessor-version":[{"id":1894,"href":"https:\/\/www.dubaci.cz\/index.php\/wp-json\/wp\/v2\/pages\/83\/revisions\/1894"}],"wp:attachment":[{"href":"https:\/\/www.dubaci.cz\/index.php\/wp-json\/wp\/v2\/media?parent=83"}],"curies":[{"name":"wp","href":"https:\/\/api.w.org\/{rel}","templated":true}]}}