{"id":815,"date":"2017-12-12T21:17:40","date_gmt":"2017-12-12T20:17:40","guid":{"rendered":"http:\/\/www.udoliroubenek.cz\/?page_id=815"},"modified":"2026-03-31T13:49:27","modified_gmt":"2026-03-31T11:49:27","slug":"homepage","status":"publish","type":"page","link":"https:\/\/www.dubaci.cz\/","title":{"rendered":"Homepage"},"content":{"rendered":"<div class='row'><div style='padding-bottom:35px;' class='span6 first-module module_number_1 module_cont  module_text_area'><div class='bg_title'><h3 style='' class='headInModule'>PL\u00c1NOVAN\u00c9 AKCE<\/h3><\/div>\n                <div class='module_content'>\n                    <p>11. dubna 2026 \/ Tr&aacute;vn&iacute;\u010dek <br \/><strong> Putov&aacute;n&iacute; za bylin&aacute;\u0159em Adamem <\/strong> <br \/><br \/>31. kv\u011btna 2026 \/ Beran\u016fv hostinec v Tr&aacute;vn&iacute;\u010dku <br \/><strong> Den otev\u0159en&yacute;ch dve\u0159&iacute; podst&aacute;vkov&yacute;ch dom\u016f <\/strong> <br \/><br \/>5. &ndash; 6. \u010dervna 2026 \/ Leta\u0159ovice <br \/><strong> Pou\u0165 mezi dv\u011bma J&aacute;ny <\/strong> <br \/><br \/>18. \u010dervence 2026 \/ Beran\u016fv hostinec v Tr&aacute;vn&iacute;\u010dku <br \/><strong> Beranovy hody <\/strong> <br \/><br \/>22. srpna 2026 \/ n&aacute;ves v Sob&aacute;kov\u011b <br \/><strong> Sob&aacute;kovsk&eacute; slavnosti <\/strong> <br \/><br \/>19. z&aacute;\u0159&iacute; 2026 \/ Podje&scaron;t\u011bd&iacute; <br \/><strong> Sto piv v krajin\u011b <\/strong> <br \/>pivn&iacute; pochod ze Sv\u011btl&eacute; pod Je&scaron;t\u011bdem do Tr&aacute;vn&iacute;\u010dku <br \/><br \/>3. \u0159&iacute;jna 2026 \/ Tr&aacute;vn&iacute;\u010dek <br \/><strong> Posv&iacute;cen&iacute; pod starou l&iacute;pou <\/strong><\/p>\n                <\/div><\/div><!-- .module_cont --><div style='padding-bottom:35px;' class='span6  module_number_2 module_cont  module_html'>\n                <div class='module_content'>\n                    \n                <\/div><\/div><!-- .module_cont --><\/div><div class='row'><div style='padding-bottom:35px;' class='span6  module_number_3 module_cont  module_before_after'><div class='bg_title'><h4 style='color:#e25500;' class='headInModule'>Kostnice v Leta\u0159ovic\u00edch<\/h4><\/div>\n\t\t\t<div class=\"before-after\">\n\t\t\t\t<div class=\"beforeAfter_wrapper\" style=\"background:url(\/wp-content\/uploads\/2024\/01\/kostniceDSC_0335_4x3.jpg)\">\n\t\t\t\t\t<img decoding=\"async\" src=\"\/wp-content\/uploads\/2022\/09\/NIKON-Z-7_2_DSC0315.jpg\" class=\"img_before\" alt=\"\">\n\t\t\t\t\t<div class=\"after_wrapper\" style=\"background:url(\/wp-content\/uploads\/2022\/09\/NIKON-Z-7_2_DSC0315.jpg)\"><\/div>\n\t\t\t\t\t<div class=\"result_line\"><\/div>\n\t\t\t\t<\/div>\n\t\t\t<\/div>\n\t\t\t<\/div><!-- .module_cont --><div style='padding-bottom:0px;' class='span6  module_number_4 module_cont  module_text_area'><div class='bg_title'><h4 style='color:#e25500;' class='headInModule'>Socha sv. Jakuba V\u011bt\u0161\u00edho<\/h4><\/div>\n                <div class='module_content'>\n                    <p><a href=\"\/index.php\/svaty-jakub\/\" rel=\"noopener\"><img loading=\"lazy\" decoding=\"async\" src=\"\/wp-content\/uploads\/2019\/08\/2019-Jakub-09.jpg\" alt=\"Socha sv. Jakuba V\u011bt&scaron;&iacute;ho v Leta\u0159ovic&iacute;ch\" width=\"3000\" height=\"2250\" \/><\/a><\/p>\n                <\/div><\/div><!-- .module_cont --><\/div><div class='row'><div style='padding-bottom:35px;' class='span6  module_number_5 module_cont  module_text_area'>\n                <div class='module_content'>\n                    <p>Zachr&aacute;nili jsme barokn&iacute; kostnici v Leta\u0159ovic&iacute;ch.<\/p>\n                <\/div><\/div><!-- .module_cont --><div style='padding-bottom:35px;' class='span6  module_number_6 module_cont  module_text_area'>\n                <div class='module_content'>\n                    <p>V \u010dervnu 2019 se poda\u0159ilo do v&yacute;klenku nad vstupem do kostela v Leta\u0159ovic&iacute;ch vr&aacute;tit repliku barokn&iacute; sochy sv. Jakuba V\u011bt&scaron;&iacute;ho. D\u011bkujeme v&scaron;em d&aacute;rc\u016fm!<\/p>\n                <\/div><\/div><!-- .module_cont --><\/div><div class='row'><div style='padding-bottom:20px;' class='span12  module_number_7 module_cont  module_feature_portfolio'><div class='bg_title'><h4 style='color:#e25500;' class='headInModule'>Ned\u00e1vn\u00e9 akce<\/h4><\/div>\n        <div class=\"featured_items\">\n            <div class=\"items2 featured_portfolio\" data-count=\"2\">\n                <ul class=\"item_list\">\n        \n\n                    <li>\n\t\t\t\t\t\t<div class=\"item\">\n\t\t\t\t\t\t\t<div class=\"item_wrapper\">\n\t\t\t\t\t\t\t\t\t\t\t\t\n\t\t\t\t\t\t\t\t<div class=\"img_block wrapped_img\">\n\t\t\t\t\t\t\t\t\t<a class=\"featured_ico_link\" href=\"https:\/\/www.dubaci.cz\/index.php\/portfolio\/beranovy-hody-11\/\" target=\"\">\n\t\t\t\t\t\t\t\t\t\t<img loading=\"lazy\" decoding=\"async\" alt=\"\" width=\"540\" height=\"410\" src=\"https:\/\/www.dubaci.cz\/wp-content\/uploads\/2025\/07\/hody_25_015-540x410.jpg\" \/>\n\t\t\t\t\t\t\t\t\t\t<div class=\"featured_item_fadder\"><\/div>\n\t\t\t\t\t\t\t\t\t\t<span class=\"plus_icon\"><\/span>\n\t\t\t\t\t\t\t\t\t\t<span class=\"featured_portfolio_title\">Beranovy hody (11.)<\/span>\n\t\t\t\t\t\t\t\t\t<\/a>\n\t\t\t\t\t\t\t\t<\/div>\n\t\t\t\t\t\t\t\t\n\t\t\t\t\t\t\t<\/div>\n\t\t\t\t\t\t<\/div>\n\t\t\t\t\t<\/li>\n\t\t\t\t\t\n\n                    <li>\n\t\t\t\t\t\t<div class=\"item\">\n\t\t\t\t\t\t\t<div class=\"item_wrapper\">\n\t\t\t\t\t\t\t\t\t\t\t\t\n\t\t\t\t\t\t\t\t<div class=\"img_block wrapped_img\">\n\t\t\t\t\t\t\t\t\t<a class=\"featured_ico_link\" href=\"https:\/\/www.dubaci.cz\/index.php\/portfolio\/bozi-telo-11\/\" target=\"\">\n\t\t\t\t\t\t\t\t\t\t<img loading=\"lazy\" decoding=\"async\" alt=\"\" width=\"540\" height=\"410\" src=\"https:\/\/www.dubaci.cz\/wp-content\/uploads\/2025\/06\/jani_25_027-540x410.jpg\" \/>\n\t\t\t\t\t\t\t\t\t\t<div class=\"featured_item_fadder\"><\/div>\n\t\t\t\t\t\t\t\t\t\t<span class=\"plus_icon\"><\/span>\n\t\t\t\t\t\t\t\t\t\t<span class=\"featured_portfolio_title\">Bo\u017e\u00ed t\u011blo (11.)<\/span>\n\t\t\t\t\t\t\t\t\t<\/a>\n\t\t\t\t\t\t\t\t<\/div>\n\t\t\t\t\t\t\t\t\n\t\t\t\t\t\t\t<\/div>\n\t\t\t\t\t\t<\/div>\n\t\t\t\t\t<\/li>\n\t\t\t\t\t\n                <\/ul>\n            <\/div>\n        <\/div>\n        <\/div><!-- .module_cont --><\/div><div class='row'><div style='padding-bottom:40px;' class='span12  module_number_8 module_cont  module_feature_portfolio'>\n        <div class=\"featured_items\">\n            <div class=\"items4 featured_portfolio\" data-count=\"4\">\n                <ul class=\"item_list\">\n        \n\n                    <li>\n\t\t\t\t\t\t<div class=\"item\">\n\t\t\t\t\t\t\t<div class=\"item_wrapper\">\n\t\t\t\t\t\t\t\t\t\t\t\t\n\t\t\t\t\t\t\t\t<div class=\"img_block wrapped_img\">\n\t\t\t\t\t\t\t\t\t<a class=\"featured_ico_link\" href=\"https:\/\/www.dubaci.cz\/index.php\/portfolio\/milan-starec\/\" target=\"\">\n\t\t\t\t\t\t\t\t\t\t<img loading=\"lazy\" decoding=\"async\" alt=\"\" width=\"540\" height=\"410\" src=\"https:\/\/www.dubaci.cz\/wp-content\/uploads\/2025\/04\/M_Starec_002-540x410.jpg\" \/>\n\t\t\t\t\t\t\t\t\t\t<div class=\"featured_item_fadder\"><\/div>\n\t\t\t\t\t\t\t\t\t\t<span class=\"plus_icon\"><\/span>\n\t\t\t\t\t\t\t\t\t\t<span class=\"featured_portfolio_title\">Milan Starec<\/span>\n\t\t\t\t\t\t\t\t\t<\/a>\n\t\t\t\t\t\t\t\t<\/div>\n\t\t\t\t\t\t\t\t\n\t\t\t\t\t\t\t<\/div>\n\t\t\t\t\t\t<\/div>\n\t\t\t\t\t<\/li>\n\t\t\t\t\t\n\n                    <li>\n\t\t\t\t\t\t<div class=\"item\">\n\t\t\t\t\t\t\t<div class=\"item_wrapper\">\n\t\t\t\t\t\t\t\t\t\t\t\t\n\t\t\t\t\t\t\t\t<div class=\"img_block wrapped_img\">\n\t\t\t\t\t\t\t\t\t<a class=\"featured_ico_link\" href=\"https:\/\/www.dubaci.cz\/index.php\/portfolio\/sobakov-10\/\" target=\"\">\n\t\t\t\t\t\t\t\t\t\t<img loading=\"lazy\" decoding=\"async\" alt=\"\" width=\"540\" height=\"410\" src=\"https:\/\/www.dubaci.cz\/wp-content\/uploads\/2025\/07\/sobakov_24_001-540x410.jpg\" \/>\n\t\t\t\t\t\t\t\t\t\t<div class=\"featured_item_fadder\"><\/div>\n\t\t\t\t\t\t\t\t\t\t<span class=\"plus_icon\"><\/span>\n\t\t\t\t\t\t\t\t\t\t<span class=\"featured_portfolio_title\">Sob\u00e1kov (10.)<\/span>\n\t\t\t\t\t\t\t\t\t<\/a>\n\t\t\t\t\t\t\t\t<\/div>\n\t\t\t\t\t\t\t\t\n\t\t\t\t\t\t\t<\/div>\n\t\t\t\t\t\t<\/div>\n\t\t\t\t\t<\/li>\n\t\t\t\t\t\n\n                    <li>\n\t\t\t\t\t\t<div class=\"item\">\n\t\t\t\t\t\t\t<div class=\"item_wrapper\">\n\t\t\t\t\t\t\t\t\t\t\t\t\n\t\t\t\t\t\t\t\t<div class=\"img_block wrapped_img\">\n\t\t\t\t\t\t\t\t\t<a class=\"featured_ico_link\" href=\"https:\/\/www.dubaci.cz\/index.php\/portfolio\/bozi_telo_2024\/\" target=\"\">\n\t\t\t\t\t\t\t\t\t\t<img loading=\"lazy\" decoding=\"async\" alt=\"\" width=\"540\" height=\"410\" src=\"https:\/\/www.dubaci.cz\/wp-content\/uploads\/2025\/06\/mezi_jany_2024_DSC8623-scaled-540x410.jpg\" \/>\n\t\t\t\t\t\t\t\t\t\t<div class=\"featured_item_fadder\"><\/div>\n\t\t\t\t\t\t\t\t\t\t<span class=\"plus_icon\"><\/span>\n\t\t\t\t\t\t\t\t\t\t<span class=\"featured_portfolio_title\">Bo\u017e\u00ed t\u011blo (10.)<\/span>\n\t\t\t\t\t\t\t\t\t<\/a>\n\t\t\t\t\t\t\t\t<\/div>\n\t\t\t\t\t\t\t\t\n\t\t\t\t\t\t\t<\/div>\n\t\t\t\t\t\t<\/div>\n\t\t\t\t\t<\/li>\n\t\t\t\t\t\n\n                    <li>\n\t\t\t\t\t\t<div class=\"item\">\n\t\t\t\t\t\t\t<div class=\"item_wrapper\">\n\t\t\t\t\t\t\t\t\t\t\t\t\n\t\t\t\t\t\t\t\t<div class=\"img_block wrapped_img\">\n\t\t\t\t\t\t\t\t\t<a class=\"featured_ico_link\" href=\"https:\/\/www.dubaci.cz\/index.php\/portfolio\/bozi-telo-9\/\" target=\"\">\n\t\t\t\t\t\t\t\t\t\t<img loading=\"lazy\" decoding=\"async\" alt=\"\" width=\"540\" height=\"410\" src=\"https:\/\/www.dubaci.cz\/wp-content\/uploads\/2025\/06\/jani_23_015-540x410.jpg\" \/>\n\t\t\t\t\t\t\t\t\t\t<div class=\"featured_item_fadder\"><\/div>\n\t\t\t\t\t\t\t\t\t\t<span class=\"plus_icon\"><\/span>\n\t\t\t\t\t\t\t\t\t\t<span class=\"featured_portfolio_title\">Bo\u017e\u00ed t\u011blo (9.)<\/span>\n\t\t\t\t\t\t\t\t\t<\/a>\n\t\t\t\t\t\t\t\t<\/div>\n\t\t\t\t\t\t\t\t\n\t\t\t\t\t\t\t<\/div>\n\t\t\t\t\t\t<\/div>\n\t\t\t\t\t<\/li>\n\t\t\t\t\t\n\n                    <li>\n\t\t\t\t\t\t<div class=\"item\">\n\t\t\t\t\t\t\t<div class=\"item_wrapper\">\n\t\t\t\t\t\t\t\t\t\t\t\t\n\t\t\t\t\t\t\t\t<div class=\"img_block wrapped_img\">\n\t\t\t\t\t\t\t\t\t<a class=\"featured_ico_link\" href=\"https:\/\/www.dubaci.cz\/index.php\/portfolio\/sobakov_2020\/\" target=\"\">\n\t\t\t\t\t\t\t\t\t\t<img loading=\"lazy\" decoding=\"async\" alt=\"\" width=\"540\" height=\"410\" src=\"https:\/\/www.dubaci.cz\/wp-content\/uploads\/2020\/08\/Sob\u00e1kov_15-2020-_DSC5139-540x410.jpg\" \/>\n\t\t\t\t\t\t\t\t\t\t<div class=\"featured_item_fadder\"><\/div>\n\t\t\t\t\t\t\t\t\t\t<span class=\"plus_icon\"><\/span>\n\t\t\t\t\t\t\t\t\t\t<span class=\"featured_portfolio_title\">Sob\u00e1kov (9.)<\/span>\n\t\t\t\t\t\t\t\t\t<\/a>\n\t\t\t\t\t\t\t\t<\/div>\n\t\t\t\t\t\t\t\t\n\t\t\t\t\t\t\t<\/div>\n\t\t\t\t\t\t<\/div>\n\t\t\t\t\t<\/li>\n\t\t\t\t\t\n\n                    <li>\n\t\t\t\t\t\t<div class=\"item\">\n\t\t\t\t\t\t\t<div class=\"item_wrapper\">\n\t\t\t\t\t\t\t\t\t\t\t\t\n\t\t\t\t\t\t\t\t<div class=\"img_block wrapped_img\">\n\t\t\t\t\t\t\t\t\t<a class=\"featured_ico_link\" href=\"https:\/\/www.dubaci.cz\/index.php\/portfolio\/bozi-telo-2020\/\" target=\"\">\n\t\t\t\t\t\t\t\t\t\t<img loading=\"lazy\" decoding=\"async\" alt=\"\" width=\"540\" height=\"410\" src=\"https:\/\/www.dubaci.cz\/wp-content\/uploads\/2020\/06\/Jani_2020_8501097-540x410.jpg\" \/>\n\t\t\t\t\t\t\t\t\t\t<div class=\"featured_item_fadder\"><\/div>\n\t\t\t\t\t\t\t\t\t\t<span class=\"plus_icon\"><\/span>\n\t\t\t\t\t\t\t\t\t\t<span class=\"featured_portfolio_title\">Bo\u017e\u00ed t\u011blo (6.)<\/span>\n\t\t\t\t\t\t\t\t\t<\/a>\n\t\t\t\t\t\t\t\t<\/div>\n\t\t\t\t\t\t\t\t\n\t\t\t\t\t\t\t<\/div>\n\t\t\t\t\t\t<\/div>\n\t\t\t\t\t<\/li>\n\t\t\t\t\t\n\n                    <li>\n\t\t\t\t\t\t<div class=\"item\">\n\t\t\t\t\t\t\t<div class=\"item_wrapper\">\n\t\t\t\t\t\t\t\t\t\t\t\t\n\t\t\t\t\t\t\t\t<div class=\"img_block wrapped_img\">\n\t\t\t\t\t\t\t\t\t<a class=\"featured_ico_link\" href=\"https:\/\/www.dubaci.cz\/index.php\/portfolio\/jan-zamboch\/\" target=\"\">\n\t\t\t\t\t\t\t\t\t\t<img loading=\"lazy\" decoding=\"async\" alt=\"\" width=\"540\" height=\"410\" src=\"https:\/\/www.dubaci.cz\/wp-content\/uploads\/2020\/06\/Jani_2020_DSC4748-1-540x410.jpg\" \/>\n\t\t\t\t\t\t\t\t\t\t<div class=\"featured_item_fadder\"><\/div>\n\t\t\t\t\t\t\t\t\t\t<span class=\"plus_icon\"><\/span>\n\t\t\t\t\t\t\t\t\t\t<span class=\"featured_portfolio_title\">Jan \u017damboch<\/span>\n\t\t\t\t\t\t\t\t\t<\/a>\n\t\t\t\t\t\t\t\t<\/div>\n\t\t\t\t\t\t\t\t\n\t\t\t\t\t\t\t<\/div>\n\t\t\t\t\t\t<\/div>\n\t\t\t\t\t<\/li>\n\t\t\t\t\t\n\n                    <li>\n\t\t\t\t\t\t<div class=\"item\">\n\t\t\t\t\t\t\t<div class=\"item_wrapper\">\n\t\t\t\t\t\t\t\t\t\t\t\t\n\t\t\t\t\t\t\t\t<div class=\"img_block wrapped_img\">\n\t\t\t\t\t\t\t\t\t<a class=\"featured_ico_link\" href=\"https:\/\/www.dubaci.cz\/index.php\/portfolio\/cumprdeni-5\/\" target=\"\">\n\t\t\t\t\t\t\t\t\t\t<img loading=\"lazy\" decoding=\"async\" alt=\"\" width=\"540\" height=\"410\" src=\"https:\/\/www.dubaci.cz\/wp-content\/uploads\/2020\/02\/\u010cumpr\u010f\u00e1ci_2020_19-540x410.jpg\" \/>\n\t\t\t\t\t\t\t\t\t\t<div class=\"featured_item_fadder\"><\/div>\n\t\t\t\t\t\t\t\t\t\t<span class=\"plus_icon\"><\/span>\n\t\t\t\t\t\t\t\t\t\t<span class=\"featured_portfolio_title\">\u010cumprd\u011bn\u00ed (5.)<\/span>\n\t\t\t\t\t\t\t\t\t<\/a>\n\t\t\t\t\t\t\t\t<\/div>\n\t\t\t\t\t\t\t\t\n\t\t\t\t\t\t\t<\/div>\n\t\t\t\t\t\t<\/div>\n\t\t\t\t\t<\/li>\n\t\t\t\t\t\n\n                    <li>\n\t\t\t\t\t\t<div class=\"item\">\n\t\t\t\t\t\t\t<div class=\"item_wrapper\">\n\t\t\t\t\t\t\t\t\t\t\t\t\n\t\t\t\t\t\t\t\t<div class=\"img_block wrapped_img\">\n\t\t\t\t\t\t\t\t\t<a class=\"featured_ico_link\" href=\"https:\/\/www.dubaci.cz\/index.php\/portfolio\/koncert-kapely-noel-8\/\" target=\"\">\n\t\t\t\t\t\t\t\t\t\t<img loading=\"lazy\" decoding=\"async\" alt=\"\" width=\"540\" height=\"410\" src=\"https:\/\/www.dubaci.cz\/wp-content\/uploads\/2020\/02\/IMG_0351-540x410.jpeg\" \/>\n\t\t\t\t\t\t\t\t\t\t<div class=\"featured_item_fadder\"><\/div>\n\t\t\t\t\t\t\t\t\t\t<span class=\"plus_icon\"><\/span>\n\t\t\t\t\t\t\t\t\t\t<span class=\"featured_portfolio_title\">Koncert kapely N\u00f6el (8.)<\/span>\n\t\t\t\t\t\t\t\t\t<\/a>\n\t\t\t\t\t\t\t\t<\/div>\n\t\t\t\t\t\t\t\t\n\t\t\t\t\t\t\t<\/div>\n\t\t\t\t\t\t<\/div>\n\t\t\t\t\t<\/li>\n\t\t\t\t\t\n\n                    <li>\n\t\t\t\t\t\t<div class=\"item\">\n\t\t\t\t\t\t\t<div class=\"item_wrapper\">\n\t\t\t\t\t\t\t\t\t\t\t\t\n\t\t\t\t\t\t\t\t<div class=\"img_block wrapped_img\">\n\t\t\t\t\t\t\t\t\t<a class=\"featured_ico_link\" href=\"https:\/\/www.dubaci.cz\/index.php\/portfolio\/advent\/\" target=\"\">\n\t\t\t\t\t\t\t\t\t\t<img loading=\"lazy\" decoding=\"async\" alt=\"\" width=\"540\" height=\"410\" src=\"https:\/\/www.dubaci.cz\/wp-content\/uploads\/2020\/02\/IMG_0290-540x410.jpeg\" \/>\n\t\t\t\t\t\t\t\t\t\t<div class=\"featured_item_fadder\"><\/div>\n\t\t\t\t\t\t\t\t\t\t<span class=\"plus_icon\"><\/span>\n\t\t\t\t\t\t\t\t\t\t<span class=\"featured_portfolio_title\">Adventn\u00ed koncert<\/span>\n\t\t\t\t\t\t\t\t\t<\/a>\n\t\t\t\t\t\t\t\t<\/div>\n\t\t\t\t\t\t\t\t\n\t\t\t\t\t\t\t<\/div>\n\t\t\t\t\t\t<\/div>\n\t\t\t\t\t<\/li>\n\t\t\t\t\t\n\n                    <li>\n\t\t\t\t\t\t<div class=\"item\">\n\t\t\t\t\t\t\t<div class=\"item_wrapper\">\n\t\t\t\t\t\t\t\t\t\t\t\t\n\t\t\t\t\t\t\t\t<div class=\"img_block wrapped_img\">\n\t\t\t\t\t\t\t\t\t<a class=\"featured_ico_link\" href=\"https:\/\/www.dubaci.cz\/index.php\/portfolio\/dozinky\/\" target=\"\">\n\t\t\t\t\t\t\t\t\t\t<img loading=\"lazy\" decoding=\"async\" alt=\"\" width=\"540\" height=\"410\" src=\"https:\/\/www.dubaci.cz\/wp-content\/uploads\/2019\/09\/Dozinky_DSC1413-540x410.jpg\" \/>\n\t\t\t\t\t\t\t\t\t\t<div class=\"featured_item_fadder\"><\/div>\n\t\t\t\t\t\t\t\t\t\t<span class=\"plus_icon\"><\/span>\n\t\t\t\t\t\t\t\t\t\t<span class=\"featured_portfolio_title\">Do\u017e\u00ednky<\/span>\n\t\t\t\t\t\t\t\t\t<\/a>\n\t\t\t\t\t\t\t\t<\/div>\n\t\t\t\t\t\t\t\t\n\t\t\t\t\t\t\t<\/div>\n\t\t\t\t\t\t<\/div>\n\t\t\t\t\t<\/li>\n\t\t\t\t\t\n\n                    <li>\n\t\t\t\t\t\t<div class=\"item\">\n\t\t\t\t\t\t\t<div class=\"item_wrapper\">\n\t\t\t\t\t\t\t\t\t\t\t\t\n\t\t\t\t\t\t\t\t<div class=\"img_block wrapped_img\">\n\t\t\t\t\t\t\t\t\t<a class=\"featured_ico_link\" href=\"https:\/\/www.dubaci.cz\/index.php\/portfolio\/sobakov-2019\/\" target=\"\">\n\t\t\t\t\t\t\t\t\t\t<img loading=\"lazy\" decoding=\"async\" alt=\"\" width=\"540\" height=\"410\" src=\"https:\/\/www.dubaci.cz\/wp-content\/uploads\/2019\/09\/Sobakov_2019_DSC0476-540x410.jpg\" \/>\n\t\t\t\t\t\t\t\t\t\t<div class=\"featured_item_fadder\"><\/div>\n\t\t\t\t\t\t\t\t\t\t<span class=\"plus_icon\"><\/span>\n\t\t\t\t\t\t\t\t\t\t<span class=\"featured_portfolio_title\">Sob\u00e1kov (8.)<\/span>\n\t\t\t\t\t\t\t\t\t<\/a>\n\t\t\t\t\t\t\t\t<\/div>\n\t\t\t\t\t\t\t\t\n\t\t\t\t\t\t\t<\/div>\n\t\t\t\t\t\t<\/div>\n\t\t\t\t\t<\/li>\n\t\t\t\t\t\n\n                    <li>\n\t\t\t\t\t\t<div class=\"item\">\n\t\t\t\t\t\t\t<div class=\"item_wrapper\">\n\t\t\t\t\t\t\t\t\t\t\t\t\n\t\t\t\t\t\t\t\t<div class=\"img_block wrapped_img\">\n\t\t\t\t\t\t\t\t\t<a class=\"featured_ico_link\" href=\"https:\/\/www.dubaci.cz\/index.php\/portfolio\/beranovy-hody-5\/\" target=\"\">\n\t\t\t\t\t\t\t\t\t\t<img loading=\"lazy\" decoding=\"async\" alt=\"\" width=\"540\" height=\"410\" src=\"https:\/\/www.dubaci.cz\/wp-content\/uploads\/2019\/08\/2019-Hody-08-540x410.jpg\" \/>\n\t\t\t\t\t\t\t\t\t\t<div class=\"featured_item_fadder\"><\/div>\n\t\t\t\t\t\t\t\t\t\t<span class=\"plus_icon\"><\/span>\n\t\t\t\t\t\t\t\t\t\t<span class=\"featured_portfolio_title\">Beranovy hody (5.)<\/span>\n\t\t\t\t\t\t\t\t\t<\/a>\n\t\t\t\t\t\t\t\t<\/div>\n\t\t\t\t\t\t\t\t\n\t\t\t\t\t\t\t<\/div>\n\t\t\t\t\t\t<\/div>\n\t\t\t\t\t<\/li>\n\t\t\t\t\t\n\n                    <li>\n\t\t\t\t\t\t<div class=\"item\">\n\t\t\t\t\t\t\t<div class=\"item_wrapper\">\n\t\t\t\t\t\t\t\t\t\t\t\t\n\t\t\t\t\t\t\t\t<div class=\"img_block wrapped_img\">\n\t\t\t\t\t\t\t\t\t<a class=\"featured_ico_link\" href=\"https:\/\/www.dubaci.cz\/index.php\/portfolio\/kniha\/\" target=\"\">\n\t\t\t\t\t\t\t\t\t\t<img loading=\"lazy\" decoding=\"async\" alt=\"\" width=\"540\" height=\"410\" src=\"https:\/\/www.dubaci.cz\/wp-content\/uploads\/2019\/08\/kniha-2-540x410.jpg\" \/>\n\t\t\t\t\t\t\t\t\t\t<div class=\"featured_item_fadder\"><\/div>\n\t\t\t\t\t\t\t\t\t\t<span class=\"plus_icon\"><\/span>\n\t\t\t\t\t\t\t\t\t\t<span class=\"featured_portfolio_title\">K\u0159est knihy<\/span>\n\t\t\t\t\t\t\t\t\t<\/a>\n\t\t\t\t\t\t\t\t<\/div>\n\t\t\t\t\t\t\t\t\n\t\t\t\t\t\t\t<\/div>\n\t\t\t\t\t\t<\/div>\n\t\t\t\t\t<\/li>\n\t\t\t\t\t\n\n                    <li>\n\t\t\t\t\t\t<div class=\"item\">\n\t\t\t\t\t\t\t<div class=\"item_wrapper\">\n\t\t\t\t\t\t\t\t\t\t\t\t\n\t\t\t\t\t\t\t\t<div class=\"img_block wrapped_img\">\n\t\t\t\t\t\t\t\t\t<a class=\"featured_ico_link\" href=\"https:\/\/www.dubaci.cz\/index.php\/portfolio\/bozi-telo-2019\/\" target=\"\">\n\t\t\t\t\t\t\t\t\t\t<img loading=\"lazy\" decoding=\"async\" alt=\"\" width=\"540\" height=\"410\" src=\"https:\/\/www.dubaci.cz\/wp-content\/uploads\/2019\/08\/2019-Jani-37-540x410.jpg\" \/>\n\t\t\t\t\t\t\t\t\t\t<div class=\"featured_item_fadder\"><\/div>\n\t\t\t\t\t\t\t\t\t\t<span class=\"plus_icon\"><\/span>\n\t\t\t\t\t\t\t\t\t\t<span class=\"featured_portfolio_title\">Bo\u017e\u00ed t\u011blo (5.)<\/span>\n\t\t\t\t\t\t\t\t\t<\/a>\n\t\t\t\t\t\t\t\t<\/div>\n\t\t\t\t\t\t\t\t\n\t\t\t\t\t\t\t<\/div>\n\t\t\t\t\t\t<\/div>\n\t\t\t\t\t<\/li>\n\t\t\t\t\t\n\n                    <li>\n\t\t\t\t\t\t<div class=\"item\">\n\t\t\t\t\t\t\t<div class=\"item_wrapper\">\n\t\t\t\t\t\t\t\t\t\t\t\t\n\t\t\t\t\t\t\t\t<div class=\"img_block wrapped_img\">\n\t\t\t\t\t\t\t\t\t<a class=\"featured_ico_link\" href=\"https:\/\/www.dubaci.cz\/index.php\/portfolio\/koncert-jitky-suranske\/\" target=\"\">\n\t\t\t\t\t\t\t\t\t\t<img loading=\"lazy\" decoding=\"async\" alt=\"\" width=\"540\" height=\"410\" src=\"https:\/\/www.dubaci.cz\/wp-content\/uploads\/2019\/08\/2019-\u0160uransk\u00e1-05-540x410.jpg\" \/>\n\t\t\t\t\t\t\t\t\t\t<div class=\"featured_item_fadder\"><\/div>\n\t\t\t\t\t\t\t\t\t\t<span class=\"plus_icon\"><\/span>\n\t\t\t\t\t\t\t\t\t\t<span class=\"featured_portfolio_title\">Koncert Jitky \u0160uransk\u00e9<\/span>\n\t\t\t\t\t\t\t\t\t<\/a>\n\t\t\t\t\t\t\t\t<\/div>\n\t\t\t\t\t\t\t\t\n\t\t\t\t\t\t\t<\/div>\n\t\t\t\t\t\t<\/div>\n\t\t\t\t\t<\/li>\n\t\t\t\t\t\n                <\/ul>\n            <\/div>\n        <\/div>\n        <\/div><!-- .module_cont --><\/div><div class='row'><div style='padding-bottom:35px;' class='span4  module_number_9 module_cont  module_text_area'>\n                <div class='module_content'>\n                    <p><img loading=\"lazy\" decoding=\"async\" src=\"\/wp-content\/uploads\/2017\/12\/Umgebindetag-2016-002-1170x780.jpg\" alt=\"\" width=\"1170\" height=\"780\" \/><\/p>\n                <\/div><\/div><!-- .module_cont --><div style='padding-bottom:20px;' class='span8  module_number_10 module_cont  module_text_area'>\n                <div class='module_content'>\n                    <p>Jsme&nbsp;<strong>neziskov&aacute; organizace<\/strong>&nbsp;zalo\u017een&aacute; na za\u010d&aacute;tku roku 2012 s c&iacute;lem povzbudit \u010ceskodubsko. Postupn\u011b realizujeme projekty mal&eacute; i velk&eacute;, okra&scaron;lovac&iacute; i kulturn&iacute;. J&aacute;drem na&scaron;&iacute; \u010dinnosti jsou kulturn&iacute; akce podporuj&iacute;c&iacute; obnovu pam&aacute;tek, p\u0159ipom&iacute;n&aacute;n&iacute; tradic a sousedsk&aacute; setk&aacute;v&aacute;n&iacute;.<\/p>\r\n<p><blockquote class='shortcode_blockquote none q_dark' style='width:90%;'><div class='blockquote_wrapper'><span class=\"q_holder\"><\/span>O sv&eacute;bytn&eacute;m charakteru \u010ceskudubska se m\u016f\u017ee p\u0159esv\u011bd\u010dit ka\u017ed&yacute; vn&iacute;mav&yacute; n&aacute;v&scaron;t\u011bvn&iacute;k, a\u0165 u\u017e sem p\u0159ich&aacute;z&iacute; za p\u0159&iacute;rodn&iacute;mi kr&aacute;sami, historick&yacute;mi pam&aacute;tkami, za p\u016fvaby lidov&eacute;ho stavitelstv&iacute;, \u010di za stopami p\u0159&iacute;b\u011bh\u016f, jimi\u017e tento kraj proslavila spisovatelka Karolina Sv\u011btl&aacute; i m&iacute;stn&iacute; kronik&aacute;\u0159i a p&iacute;sm&aacute;ci.<div class='author'>&mdash; Svatopluk Technik<\/div><\/div><\/blockquote><\/p>\n                <\/div><\/div><!-- .module_cont --><\/div><div class='row'><div style='padding-bottom:35px;' class='span12  module_number_11 module_cont  module_divider'><hr class=\" \"><\/div><!-- .module_cont --><\/div><div class='row'><div style='padding-bottom:35px;' class='span8  module_number_12 module_cont  module_before_after'><div class='bg_title'><h4 style='' class='headInModule'>Beran\u016fv hostinec v Tr\u00e1vn\u00ed\u010dku<\/h4><\/div>\n\t\t\t<div class=\"before-after\">\n\t\t\t\t<div class=\"beforeAfter_wrapper\" style=\"background:url(http:\/\/www.dubaci.cz\/wp-content\/uploads\/2018\/12\/2018_exxter_DSC2081.jpg)\">\n\t\t\t\t\t<img decoding=\"async\" src=\"http:\/\/www.dubaci.cz\/wp-content\/uploads\/2018\/01\/beranka-pred.jpg\" class=\"img_before\" alt=\"\">\n\t\t\t\t\t<div class=\"after_wrapper\" style=\"background:url(http:\/\/www.dubaci.cz\/wp-content\/uploads\/2018\/01\/beranka-pred.jpg)\"><\/div>\n\t\t\t\t\t<div class=\"result_line\"><\/div>\n\t\t\t\t<\/div>\n\t\t\t<\/div>\n\t\t\t<\/div><!-- .module_cont --><div style='padding-bottom:35px;' class='span4  module_number_13 module_cont  module_text_area'><div class='bg_title'><h4 style='' class='headInModule'>Rekonstrukce<\/h4><\/div>\n                <div class='module_content'>\n                    <p>Od roku 2015 postupn\u011b rekonstruujeme rouben&yacute; hostinec Anton&iacute;na Berana v Tr&aacute;vn&iacute;\u010dku. Na&scaron;&iacute;m z&aacute;m\u011brem je vytvo\u0159en&iacute; region&aacute;ln&iacute;ho muzea s v&yacute;\u010depem tak, jak mohl vypadat v roce 1915. Byli jsme nominov&aacute;n&iacute; na cenu N&aacute;rodn&iacute;ho pam&aacute;tkov&eacute;ho &uacute;stavu <strong>Patrimonium pro futuro 2020<\/strong> za nejlep&scaron;&iacute; po\u010diny v oblasti pam&aacute;tkov&eacute; p&eacute;\u010de. Odborn&aacute; porota vyb&iacute;rala v&iacute;t\u011bze z 23 nominovan&yacute;ch ve \u010dty\u0159ech hlavn&iacute;ch kategori&iacute;ch, ve\u0159ejnost online hlasov&aacute;n&iacute;m ud\u011blovala cenu Pam&aacute;tky d\u011bkuj&iacute;. Jak jsme dopadli?<\/p>\r\n<div class=\"wp-block-button\"><a class=\"wp-block-button__link\" href=\"\/index.php\/beranuv-hostinec\/\">Zjist\u011bte v&iacute;ce<\/a><\/div>\n                <\/div><\/div><!-- .module_cont --><\/div><div class='row'><div style='padding-bottom:35px;' class='span8  module_number_14 module_cont  module_html'>\n                <div class='module_content'>\n                    <a href=\"https:\/\/www.kudyznudy.cz\/?utm_source=kzn&utm_medium=partneri_kzn&utm_campaign=banner\" target=\"_blank\"><img loading=\"lazy\" decoding=\"async\" src=\"https:\/\/www.kudyznudy.cz\/getmedia\/b2b0f51b-aefb-4ebd-a47a-92816babdb30\/1012102023-online-bannery-hq-728x90.jpg.aspx\" width=\"728\"  height=\"90\" alt=\"Kudyznudy.cz \u2013 nejlep\u0161\u00ed za\u010d\u00e1tek v\u00fdletu\"><\/a>\n                <\/div><\/div><!-- .module_cont --><\/div>","protected":false},"excerpt":{"rendered":"<p>Jitka &Scaron;uransk&aacute; &mdash; housle, zp\u011bv Martin Kraj&iacute;\u010dek &mdash; mandol&iacute;ny, kytary<\/p>\n","protected":false},"author":2,"featured_media":0,"parent":0,"menu_order":0,"comment_status":"closed","ping_status":"closed","template":"","meta":{"footnotes":""},"class_list":["post-815","page","type-page","status-publish","hentry"],"_links":{"self":[{"href":"https:\/\/www.dubaci.cz\/index.php\/wp-json\/wp\/v2\/pages\/815","targetHints":{"allow":["GET"]}}],"collection":[{"href":"https:\/\/www.dubaci.cz\/index.php\/wp-json\/wp\/v2\/pages"}],"about":[{"href":"https:\/\/www.dubaci.cz\/index.php\/wp-json\/wp\/v2\/types\/page"}],"author":[{"embeddable":true,"href":"https:\/\/www.dubaci.cz\/index.php\/wp-json\/wp\/v2\/users\/2"}],"replies":[{"embeddable":true,"href":"https:\/\/www.dubaci.cz\/index.php\/wp-json\/wp\/v2\/comments?post=815"}],"version-history":[{"count":2,"href":"https:\/\/www.dubaci.cz\/index.php\/wp-json\/wp\/v2\/pages\/815\/revisions"}],"predecessor-version":[{"id":916,"href":"https:\/\/www.dubaci.cz\/index.php\/wp-json\/wp\/v2\/pages\/815\/revisions\/916"}],"wp:attachment":[{"href":"https:\/\/www.dubaci.cz\/index.php\/wp-json\/wp\/v2\/media?parent=815"}],"curies":[{"name":"wp","href":"https:\/\/api.w.org\/{rel}","templated":true}]}}