{"id":67,"date":"2015-11-16T12:45:25","date_gmt":"2015-11-16T12:45:25","guid":{"rendered":"http:\/\/www.gt3themes.com\/wordpress-themes\/geographic\/?page_id=67"},"modified":"2020-08-16T11:59:15","modified_gmt":"2020-08-16T09:59:15","slug":"about","status":"publish","type":"page","link":"https:\/\/www.dubaci.cz\/index.php\/about\/","title":{"rendered":"O n\u00e1s"},"content":{"rendered":"<div class='row'><div style='padding-bottom:40px;' class='span12 first-module module_number_1 module_cont  module_text_area'>\n                <div class='module_content'>\n                    <p>Spolek Dub&aacute;ci je <strong>neziskov&aacute; organizace<\/strong> zalo\u017een&aacute; na za\u010d&aacute;tku roku 2012 s c&iacute;lem povzbudit \u010ceskodubsko. Postupn\u011b realizujeme projekty mal&eacute; i velk&eacute;, okra&scaron;lovac&iacute; i kulturn&iacute;. J&aacute;drem na&scaron;&iacute; \u010dinnosti jsou kulturn&iacute; akce podporuj&iacute;c&iacute; obnovu pam&aacute;tek, p\u0159ipom&iacute;n&aacute;n&iacute; tradic a sousedsk&aacute; setk&aacute;v&aacute;n&iacute;.<\/p>\r\n<p>Nen&iacute; to tak, \u017ee by vznikl nov&yacute; spolek a teprve s n&iacute;m se zapo\u010dal spole\u010densk&yacute; \u017eivot a obnova ve&scaron;ker&yacute;ch pam&aacute;tek. Na \u010ceskodubsku ji\u017e z&aacute;slu\u017en\u011b p\u016fsob&iacute; obce, spolky, hasi\u010di, ob\u010dan&eacute; m&iacute;stn&iacute; i p\u0159espoln&iacute;. T\u011bm v&scaron;em nechceme b&yacute;t konkurenc&iacute;, n&yacute;br\u017e partnerem. Partnerem, se kter&yacute;m lze dos&aacute;hnout nemal&yacute;ch c&iacute;l\u016f.<\/p>\n                <\/div><\/div><!-- .module_cont --><\/div><div class='row'><div style='padding-bottom:45px;' class='span12  module_number_2 module_cont  module_divider'><hr class=\"type2 \"><\/div><!-- .module_cont --><\/div><div class='row'><div style='padding-bottom:70px;' class='span6  module_number_3 module_cont  module_google_map'><div class='bg_title'><h3 style='' class='headInModule'>Kde n\u00e1s najdete<\/h3><\/div>\n                <div class='module_content'>\n                    <div class=''>\n                        <iframe loading=\"lazy\" src=\"https:\/\/www.google.com\/maps\/embed?pb=!1m18!1m12!1m3!1d2527.8300751616493!2d14.969811216399897!3d50.68597907950865!2m3!1f0!2f0!3f0!3m2!1i1024!2i768!4f13.1!3m3!1m2!1s0x470949b0107a158b%3A0x58ce1fadf8d71544!2zU29iw6Frb3YgMTUsIDQ2MyA0MyDEjGVza8O9IER1Yg!5e0!3m2!1scs!2scz!4v1513027592826\" width=\"600\" height=\"450\" frameborder=\"0\" style=\"border:0\" allowfullscreen><\/iframe>\n                    <\/div>\n                <\/div><\/div><!-- .module_cont --><div style='padding-bottom:70px;' class='span6  module_number_4 module_cont  module_contact_info'><div class='bg_title'><h3 style='' class='headInModule'>Kontakt<\/h3><\/div><ul class='contact_info_list no is_contact_list'><li class='contact_info_item'><div class='contact_info_wrapper'><span class='contact_info_icon' style='background:#eeeeee;'><i style='color:#4c2800' class='icon-home'><\/i><\/span><div class=\"contact_info_text\"><b>Spolek Dub\u00e1ci<\/b><br>Sob\u00e1kov 15, 46343 \u010cesk\u00fd Dub<\/div><\/div><\/li><li class='contact_info_item'><div class='contact_info_wrapper'><span class='contact_info_icon' style='background:#eeeeee;'><i style='color:#4c2800' class='icon-phone'><\/i><\/span><div class=\"contact_info_text\">+420 731 722 681<\/div><\/div><\/li><li class='contact_info_item'><div class='contact_info_wrapper'><span class='contact_info_icon' style='background:#eeeeee;'><i style='color:#4c2800' class='icon-envelope'><\/i><\/span><div class=\"contact_info_text\"><a href=\"mailto:spolek@dubaci.cz\">spolek@dubaci.cz<\/a><\/div><\/div><\/li><li class='contact_info_item'><div class='contact_info_wrapper'><span class='contact_info_icon' style='background:#eeeeee;'><i style='color:#4c2800' class='icon-facebook'><\/i><\/span><div class=\"contact_info_text\"><a href=\"https:\/\/www.facebook.com\/spolekdubaci\">Facebook<\/a><\/div><\/div><\/li><li class='contact_info_item'><div class='contact_info_wrapper'><span class='contact_info_icon' style='background:#eeeeee;'><i style='color:#4c2800' class='icon-youtube'><\/i><\/span><div class=\"contact_info_text\"><a href=\"https:\/\/www.youtube.com\/user\/osDubaci\">Youtube<\/a><\/div><\/div><\/li><li class='contact_info_item'><div class='contact_info_wrapper'><span class='contact_info_icon' style='background:#eeeeee;'><i style='color:#4c2800' class='icon-tag'><\/i><\/span><div class=\"contact_info_text\">I\u010cO 22756736<\/div><\/div><\/li><li class='contact_info_item'><div class='contact_info_wrapper'><span class='contact_info_icon' style='background:#eeeeee;'><i style='color:#4c2800' class='icon-money'><\/i><\/span><div class=\"contact_info_text\"><a href=\"https:\/\/www.rb.cz\/povinne-zverejnovane-informace\/transparentni-ucty?mvcPath=transactions&accountNumber=6964912001&path=transactions\">Transparentn\u00ed \u00fa\u010det 6964912001\/5500<\/a><\/div><\/div><\/li><\/ul><\/div><!-- .module_cont --><\/div><div class='row'><div style='padding-bottom:50px;' class='span12  module_number_5 module_cont  module_divider'><hr class=\"type2 \"><\/div><!-- .module_cont --><\/div><div class='row'><div style='padding-bottom:45px;' class='span12  module_number_6 module_cont  module_text_area'><div class='bg_title'><h3 style='' class='headInModule'>Org\u00e1ny spolku<\/h3><\/div>\n                <div class='module_content'>\n                    <div>Org&aacute;ny spolku jsou sn\u011bm, v&yacute;bor a &nbsp;p\u0159edseda spolku.<br \/><br \/><strong>Sn\u011bm<\/strong> je nejvy&scaron;&scaron;&iacute;m org&aacute;nem spolku.<br \/><br \/><strong>V&yacute;bor<\/strong> spole\u010dn\u011b s p\u0159edsedou je nejd\u016fle\u017eit\u011bj&scaron;&iacute; org&aacute;n spolku &mdash; vykon&aacute;v&aacute; a \u0159&iacute;d&iacute; \u010dinnost spolku, rozhoduje o vyu\u017eit&iacute; financ&iacute; spolku a&nbsp;p\u0159ij&iacute;m&aacute; nov&eacute; \u010dleny.&nbsp;V&yacute;bor je t\u0159&iacute;\u010dlenn&yacute; a je volen \u010dlenskou sch\u016fz&iacute; na 5 let.<\/div>\r\n<div><strong><br \/>P\u0159edseda spolku<\/strong> je statut&aacute;rn&iacute;m org&aacute;nem spolku, jedn&aacute; jeho jm&eacute;nem a koordinuje a \u0159&iacute;d&iacute; \u010dinnost v&yacute;boru. P\u0159edsedu spolku vol&iacute; v&yacute;bor ze sv&yacute;ch \u0159ad.<\/div>\r\n<div><br \/><strong>Revizor spolku<\/strong> je nez&aacute;visl&yacute; na v&yacute;boru. Kontroluje hospoda\u0159en&iacute; a pln\u011bn&iacute; rozhodnut&iacute; sn\u011bmu.<\/div>\r\n<div>&nbsp;<\/div>\r\n<div><a href=\"http:\/\/www.dubaci.cz\/index.php\/members\/\"  class=\" shortcode_button btn_normal btn_type5\">Seznam \u010dlen\u016f &gt;<\/a><\/div>\n                <\/div><\/div><!-- .module_cont --><\/div><div class='row'><div style='padding-bottom:50px;' class='span12  module_number_7 module_cont  module_divider'><hr class=\"type2 \"><\/div><!-- .module_cont --><\/div><div class='row'><div style='padding-bottom:35px;' class='span12  module_number_8 module_cont  module_text_area'><div class='bg_title'><h3 style='' class='headInModule'>Finance<\/h3><\/div>\n                <div class='module_content'>\n                    <p>Pen&iacute;ze h&yacute;bou dne&scaron;n&iacute;m sv\u011btem a jsou i jedn&iacute;m z hlavn&iacute;ch d\u016fvod\u016f zalo\u017een&iacute; na&scaron;eho spolku. Chceme je z&iacute;sk&aacute;vat nejen z \u010dlensk&yacute;ch p\u0159&iacute;sp\u011bvk\u016f a dar\u016f, ale hlavn\u011b z evropsk&yacute;ch i \u010desk&yacute;ch dota\u010dn&iacute;ch program\u016f.<\/p>\n                <\/div><\/div><!-- .module_cont --><\/div><div class='row'><div style='padding-bottom:55px;' class='span4  module_number_9 module_cont  module_counter'>\t\t\n\t\t\t<div class='module_content shortcode_counter'>\n\t\t\t\t<div class='counter_wrapper'>\n\t\t\t\t\t<div class='counter_content'>\n\t\t\t\t\t\t<div class='stat_count_wrapper'>\t\t\t\t\t\t\n\t\t\t\t\t\t\t<h3 class='stat_count' data-count='1595500'>0<\/h3>\n\t\t\t\t\t\t<\/div>\n\t\t\t\t\t\t<div class='counter_body'>\n\t\t\t\t\t\t\t<h6 class='counter_title'>na beran\u016fv hostinec<\/h6>\n\t\t\t\t\t\t\t<div class='counter_text'>jsme od roku 2014 pomohli z\u00edskat na opravu Beranova hostince v Tr\u00e1vn\u00ed\u010dku.<\/div>\n\t\t\t\t\t\t\t<div class='stat_temp'><\/div>\n\t\t\t\t\t\t<\/div>\n\t\t\t\t\t<\/div>\n\t\t\t\t<\/div>\n\t\t\t<\/div>\n\t\t\t<\/div><!-- .module_cont --><div style='padding-bottom:55px;' class='span4  module_number_10 module_cont  module_counter'>\t\t\n\t\t\t<div class='module_content shortcode_counter'>\n\t\t\t\t<div class='counter_wrapper'>\n\t\t\t\t\t<div class='counter_content'>\n\t\t\t\t\t\t<div class='stat_count_wrapper'>\t\t\t\t\t\t\n\t\t\t\t\t\t\t<h3 class='stat_count' data-count='77111'>0<\/h3>\n\t\t\t\t\t\t<\/div>\n\t\t\t\t\t\t<div class='counter_body'>\n\t\t\t\t\t\t\t<h6 class='counter_title'>na kostel<\/h6>\n\t\t\t\t\t\t\t<div class='counter_text'>na opravu kostela sv. Jakuba V\u011bt\u0161\u00edho v Leta\u0159ovic\u00edch jsme z\u00edskali na darech a vstupn\u00e9m na n\u00e1mi po\u0159\u00e1dan\u00fdch akc\u00edch. <\/div>\n\t\t\t\t\t\t\t<div class='stat_temp'><\/div>\n\t\t\t\t\t\t<\/div>\n\t\t\t\t\t<\/div>\n\t\t\t\t<\/div>\n\t\t\t<\/div>\n\t\t\t<\/div><!-- .module_cont --><div style='padding-bottom:55px;' class='span4  module_number_11 module_cont  module_counter'>\t\t\n\t\t\t<div class='module_content shortcode_counter'>\n\t\t\t\t<div class='counter_wrapper'>\n\t\t\t\t\t<div class='counter_content'>\n\t\t\t\t\t\t<div class='stat_count_wrapper'>\t\t\t\t\t\t\n\t\t\t\t\t\t\t<h3 class='stat_count' data-count='83900'>0<\/h3>\n\t\t\t\t\t\t<\/div>\n\t\t\t\t\t\t<div class='counter_body'>\n\t\t\t\t\t\t\t<h6 class='counter_title'>Na zvon<\/h6>\n\t\t\t\t\t\t\t<div class='counter_text'>jsme spole\u010dn\u011b s dobrovoln\u00fdmi hasi\u010di z\u00edskali na zhotoven\u00ed repliky zvonu v Tr\u00e1vn\u00ed\u010dku.<\/div>\n\t\t\t\t\t\t\t<div class='stat_temp'><\/div>\n\t\t\t\t\t\t<\/div>\n\t\t\t\t\t<\/div>\n\t\t\t\t<\/div>\n\t\t\t<\/div>\n\t\t\t<\/div><!-- .module_cont --><\/div><div class='row'><div style='padding-bottom:35px;' class='span12  module_number_12 module_cont  module_text_area'>\n                <div class='module_content'>\n                    <p>M&aacute;me transparentn&iacute; &uacute;\u010det u Raiffeisen Bank, a.s.<br \/>6964912001\/5500<\/p>\r\n<p><a href=\"https:\/\/www.rb.cz\/o-nas\/povinne-uverejnovane-informace\/transparentni-ucty?mvcPath=transactions&amp;accountNumber=6964912001\"  class=\" shortcode_button btn_small btn_type5\">Transparentn&iacute; &uacute;\u010det &gt;<\/a><\/p>\n                <\/div><\/div><!-- .module_cont --><\/div>","protected":false},"excerpt":{"rendered":"<p>Spolek Dub&aacute;ci je neziskov&aacute; organizace zalo\u017een&aacute; na za\u010d&aacute;tku roku 2012 s c&iacute;lem povzbudit \u010ceskodubsko. Postupn\u011b realizujeme projekty mal&eacute; i velk&eacute;, okra&scaron;lovac&iacute; i kulturn&iacute;. J&aacute;drem na&scaron;&iacute; \u010dinnosti jsou kulturn&iacute; akce podporuj&iacute;c&iacute; obnovu pam&aacute;tek, p\u0159ipom&iacute;n&aacute;n&iacute; tradic a sousedsk&aacute; setk&aacute;v&aacute;n&iacute;. Nen&iacute; to tak, \u017ee by vznikl nov&yacute; spolek a teprve s n&iacute;m se zapo\u010dal spole\u010densk&yacute; \u017eivot a obnova ve&scaron;ker&yacute;ch pam&aacute;tek. Na \u010ceskodubsku ji\u017e z&aacute;slu\u017en\u011b p\u016fsob&iacute; obce, spolky, hasi\u010di, ob\u010dan&eacute; m&iacute;stn&iacute; i p\u0159espoln&iacute;. T\u011bm v&scaron;em nechceme b&yacute;t konkurenc&iacute;, n&yacute;br\u017e partnerem. Partnerem, se kter&yacute;m lze dos&aacute;hnout nemal&yacute;ch c&iacute;l\u016f. Kde n\u00e1s najdete KontaktSpolek Dub\u00e1ciSob\u00e1kov 15, 46343 \u010cesk\u00fd Dub+420 731 722 681spolek@dubaci.czFacebookYoutubeI\u010cO 22756736Transparentn\u00ed \u00fa\u010det 6964912001\/5500Org\u00e1ny spolku Org&aacute;ny spolku jsou sn\u011bm, v&yacute;bor a &nbsp;p\u0159edseda spolku.Sn\u011bm je nejvy&scaron;&scaron;&iacute;m org&aacute;nem spolku.V&yacute;bor spole\u010dn\u011b s p\u0159edsedou je nejd\u016fle\u017eit\u011bj&scaron;&iacute; org&aacute;n spolku &mdash; vykon&aacute;v&aacute; a \u0159&iacute;d&iacute; \u010dinnost spolku, rozhoduje o vyu\u017eit&iacute; financ&iacute; spolku a&nbsp;p\u0159ij&iacute;m&aacute; nov&eacute; \u010dleny.&nbsp;V&yacute;bor je t\u0159&iacute;\u010dlenn&yacute; a je volen \u010dlenskou sch\u016fz&iacute; na 5 let. P\u0159edseda spolku je statut&aacute;rn&iacute;m org&aacute;nem spolku, jedn&aacute; jeho jm&eacute;nem a koordinuje a \u0159&iacute;d&iacute; \u010dinnost v&yacute;boru. P\u0159edsedu spolku vol&iacute; v&yacute;bor ze sv&yacute;ch \u0159ad. Revizor spolku je nez&aacute;visl&yacute; na v&yacute;boru. Kontroluje hospoda\u0159en&iacute; a pln\u011bn&iacute; rozhodnut&iacute; sn\u011bmu. &nbsp; Seznam \u010dlen\u016f &gt; Finance Pen&iacute;ze h&yacute;bou dne&scaron;n&iacute;m sv\u011btem a jsou i jedn&iacute;m z hlavn&iacute;ch d\u016fvod\u016f zalo\u017een&iacute; na&scaron;eho spolku. Chceme je z&iacute;sk&aacute;vat nejen z [&hellip;]<\/p>\n","protected":false},"author":2,"featured_media":0,"parent":0,"menu_order":0,"comment_status":"closed","ping_status":"closed","template":"","meta":{"footnotes":""},"class_list":["post-67","page","type-page","status-publish","hentry"],"_links":{"self":[{"href":"https:\/\/www.dubaci.cz\/index.php\/wp-json\/wp\/v2\/pages\/67","targetHints":{"allow":["GET"]}}],"collection":[{"href":"https:\/\/www.dubaci.cz\/index.php\/wp-json\/wp\/v2\/pages"}],"about":[{"href":"https:\/\/www.dubaci.cz\/index.php\/wp-json\/wp\/v2\/types\/page"}],"author":[{"embeddable":true,"href":"https:\/\/www.dubaci.cz\/index.php\/wp-json\/wp\/v2\/users\/2"}],"replies":[{"embeddable":true,"href":"https:\/\/www.dubaci.cz\/index.php\/wp-json\/wp\/v2\/comments?post=67"}],"version-history":[{"count":1,"href":"https:\/\/www.dubaci.cz\/index.php\/wp-json\/wp\/v2\/pages\/67\/revisions"}],"predecessor-version":[{"id":690,"href":"https:\/\/www.dubaci.cz\/index.php\/wp-json\/wp\/v2\/pages\/67\/revisions\/690"}],"wp:attachment":[{"href":"https:\/\/www.dubaci.cz\/index.php\/wp-json\/wp\/v2\/media?parent=67"}],"curies":[{"name":"wp","href":"https:\/\/api.w.org\/{rel}","templated":true}]}}